{"id":208,"date":"2019-10-25T10:09:48","date_gmt":"2019-10-25T10:09:48","guid":{"rendered":"http:\/\/box5282.temp.domains\/~bpmediac\/?page_id=208"},"modified":"2021-01-11T12:32:51","modified_gmt":"2021-01-11T12:32:51","slug":"being-a-good-corporate-citizen","status":"publish","type":"page","link":"https:\/\/www.toolkitnb.ca\/fr\/fact-sheets\/being-a-good-corporate-citizen\/","title":{"rendered":"Agir en bonnes entreprises citoyennes"},"content":{"rendered":"<p><strong><a href=\"http:\/\/www.toolkitnb.ca\/wp-content\/uploads\/2020\/02\/AGIR-EN-BONNES-ENTREPRISES-CITOYENNES.pdf\" target=\"_blank\" rel=\"noreferrer noopener\" aria-label=\"Download the fact sheet (opens in a new tab)\">T\u00e9l\u00e9charger la fiche de renseignements<\/a><\/strong><\/p>\n\n\n\n<p><\/p>\n\n\n\n<h2 class=\"wp-block-heading\"><strong>Que peut faire mon organisation?&nbsp;<\/strong><\/h2>\n\n\n\n<p>L\u2019ins\u00e9curit\u00e9 financi\u00e8re est un important obstacle pour une personne victime de violence. En raison de contraintes financi\u00e8res, ces personnes ont souvent tendance \u00e0 demeurer dans la relation de violence ou \u00e0 y retourner. De nombreuses entreprises ont trouv\u00e9 des fa\u00e7ons d\u2019agir en bonnes entreprises citoyennes. Voici des exemples de fa\u00e7ons choisies par certains employeurs pour afficher leur responsabilit\u00e9 sociale et s\u2019engager \u00e0 l\u2019\u00e9gard de la cause de la pr\u00e9vention de la violence conjugale ou entre partenaires intimes (VC\/VPI).&nbsp;<\/p>\n\n\n\n<p>Si vous envisagez d'appuyer un organisme sans but lucratif, il importe de communiquer avec l\u2019organisme d\u2019abord pour vous assurer que l\u2019initiative ou la m\u00e9thode de soutien propos\u00e9e convient \u00e0 ses besoins. Les exemples suivants d\u2019initiatives de l\u2019employeur ont \u00e9t\u00e9 divis\u00e9s en trois\u00a0cat\u00e9gories.&nbsp;<\/p>\n\n\n\n<h3 class=\"wp-block-heading\"><strong>1. Offrir des services ou des produits<\/strong><\/h3>\n\n\n\n<p>Si l\u2019entreprise offre un produit ou un service en particulier, il existe de nombreuses fa\u00e7ons d\u2019agir en bonne entreprise citoyenne\u00a0:&nbsp;<\/p>\n\n\n\n<ul class=\"wp-block-list\"><li>Dresser la liste des <a href=\"https:\/\/www2.gnb.ca\/content\/gnb\/fr\/ministeres\/femmes\/Prevention_de_la_violence_et_partenariats_communautaires\/content\/Services-de-soutien-pour-les-victimes-de-violence.html\" target=\"_blank\" rel=\"noreferrer noopener\">num\u00e9ros de t\u00e9l\u00e9phone<\/a> et <a href=\"https:\/\/www2.gnb.ca\/content\/gnb\/fr\/ministeres\/femmes\/Prevention_de_la_violence_et_partenariats_communautaires\/content\/Services-de-soutien-pour-les-victimes-de-violence.html\" target=\"_blank\" rel=\"noreferrer noopener\">des autres ressources<\/a> pour les personnes victimes de violence dans un bulletin d\u2019information, sur un blogue ou sur un site Web.<\/li><li>Donner des fournitures, comme de la nourriture, des articles d\u2019hygi\u00e8ne personnelle ou des articles de literie, selon le besoin, \u00e0 des organismes sans but lucratif locaux aidant les personnes qui fuient la violence.<\/li><li>Si l\u2019entreprise n\u2019offre aucun service ou produit pouvant aider une personne victime de violence, elle pourrait offrir les produits ou les services d\u2019un autre organisme ou d\u2019une autre entreprise.\u00a0<\/li><li>Les h\u00f4tels pourraient offrir des chambres gratuites \u00e0 des personnes victimes de violence.\u00a0<\/li><li>Les h\u00f4tels pourraient donner des articles de literie, des couvre-lits et des serviettes \u00e0 des maisons de transition locales.\u00a0<\/li><li>Les entreprises de taxi pourraient offrir des d\u00e9placements gratuits aux personnes en situation de crise qui quittent une relation violente et qui ont besoin d\u2019un transport pour se rendre \u00e0 un h\u00e9bergement s\u00e9curitaire. Les programmes de d\u00e9placements gratuits pourraient \u00eatre organis\u00e9s en collaboration avec la police et les maisons de transition.<\/li><li>Les cabinets d\u2019avocats pourraient offrir des services gratuits aux personnes victimes de violence ou aux refuges.<\/li><li>Les chenils ou les cliniques v\u00e9t\u00e9rinaires pourraient offrir de couvrir les d\u00e9penses associ\u00e9es au s\u00e9jour des animaux le temps que les victimes de violence trouvent un lieu o\u00f9 vivre en toute s\u00e9curit\u00e9.<\/li><li>Les entreprises d\u2019entreposage pourraient offrir un espace d\u2019entreposage gratuit aux personnes qui sont en voie de quitter une relation violente. Les entreprises de d\u00e9m\u00e9nagement pourraient aussi offrir des services de d\u00e9m\u00e9nagement gratuits.\u00a0<\/li><li>Les entreprises de t\u00e9l\u00e9phone cellulaire pourraient offrir des t\u00e9l\u00e9phones cellulaires ou des minutes gratuites aux personnes victimes de violence pour les aider \u00e0 avoir acc\u00e8s aux ressources communautaires ou aux services d\u2019urgence.\u00a0<\/li><li>Offrir des fournitures afin de r\u00e9duire les co\u00fbts associ\u00e9s aux activit\u00e9s de financement d\u2019organismes sans but lucratif locaux qui soutiennent les personnes victimes de violence.<\/li><\/ul>\n\n\n\n<p><\/p>\n\n\n\n<h3 class=\"wp-block-heading\"><strong>2. Parrainer un programme communautaire en versant un don en argent ou en lui offrant d\u2019utiliser un espace. Un milieu de travail pourrait envisager de faire un don \u00e0 l\u2019une des <a href=\"https:\/\/www2.gnb.ca\/content\/gnb\/fr\/ministeres\/femmes\/Prevention_de_la_violence_et_partenariats_communautaires\/content\/Services-de-soutien-pour-les-victimes-de-violence.html\" target=\"_blank\" rel=\"noreferrer noopener\" aria-label=\" (opens in a new tab)\">organisations suivantes ou de la parrainer\u00a0<\/a>:&nbsp;<\/strong><\/h3>\n\n\n\n<ul class=\"wp-block-list\"><li>Les maisons de transition pour femmes battues&nbsp;<\/li><li>Les refuges pour femmes<\/li><li>Les centres de jour pour jeunes \u00e0 risque<\/li><li><a href=\"http:\/\/www.fergussonfoundation.ca\/fr\/\" target=\"_blank\" rel=\"noreferrer noopener\" aria-label=\" (opens in a new tab)\">Fondation Fergusson<\/a>\/<a href=\"https:\/\/www.unb.ca\/mmfc\/\" target=\"_blank\" rel=\"noreferrer noopener\" aria-label=\" (opens in a new tab)\">Centre Muriel McQueen Fergusson pour la recherche sur la violence familiale<\/a><\/li><li>Violence sexuelle Nouveau-Brunswick&nbsp;<\/li><\/ul>\n\n\n\n<p><\/p>\n\n\n\n<h3 class=\"wp-block-heading\"><strong>3. Donner de son temps des fa\u00e7ons suivantes\u00a0:<\/strong><\/h3>\n\n\n\n<ul class=\"wp-block-list\"><li>Communiquer avec une maison de transition locale pour organiser ou soutenir un \u00e9v\u00e9nement pour les enfants touch\u00e9s par la violence conjugale ou entre partenaires intimes (p.\u00a0ex. un barbecue l\u2019\u00e9t\u00e9 ou un tournoi de quilles l\u2019hiver).<\/li><li>Organiser une journ\u00e9e du d\u00e9contract\u00e9 au travail et recueillir des dons pour un organisme local aidant les personnes victimes de violence.<\/li><li>Assister \u00e0 des collectes de fonds locales pour des organismes soutenant les personnes victimes de violence.<\/li><li>Accorder des cong\u00e9s aux employ\u00e9s qui souhaitent faire du b\u00e9n\u00e9volat pour un organisme aidant les personnes victimes de violence.<\/li><\/ul>\n\n\n\n<p><\/p>","protected":false},"excerpt":{"rendered":"<p>Download the fact sheet What can my organization do?&nbsp; Financial insecurity is a key barrier for someone who is being abused. Due to financial constraints, they often stay in or return to abusive relationships. Many businesses have found ways to be good corporate citizens. The following are examples of how some employers have chosen to [&hellip;]<\/p>\n","protected":false},"author":1,"featured_media":0,"parent":8,"menu_order":6,"comment_status":"closed","ping_status":"closed","template":"","meta":{"_seopress_robots_primary_cat":"","_seopress_titles_title":"Being a Good Corporate Citizen - ToolkitNB - TrousseNB","_seopress_titles_desc":"The following are examples of how employers have demonstrated their social responsibility and invest in the cause of preventing domestic partner violence. ","_seopress_robots_index":"","nf_dc_page":"","_monsterinsights_skip_tracking":false,"_monsterinsights_sitenote_active":false,"_monsterinsights_sitenote_note":"","_monsterinsights_sitenote_category":0,"footnotes":""},"class_list":["post-208","page","type-page","status-publish","hentry"],"_links":{"self":[{"href":"https:\/\/www.toolkitnb.ca\/fr\/wp-json\/wp\/v2\/pages\/208","targetHints":{"allow":["GET"]}}],"collection":[{"href":"https:\/\/www.toolkitnb.ca\/fr\/wp-json\/wp\/v2\/pages"}],"about":[{"href":"https:\/\/www.toolkitnb.ca\/fr\/wp-json\/wp\/v2\/types\/page"}],"author":[{"embeddable":true,"href":"https:\/\/www.toolkitnb.ca\/fr\/wp-json\/wp\/v2\/users\/1"}],"replies":[{"embeddable":true,"href":"https:\/\/www.toolkitnb.ca\/fr\/wp-json\/wp\/v2\/comments?post=208"}],"version-history":[{"count":6,"href":"https:\/\/www.toolkitnb.ca\/fr\/wp-json\/wp\/v2\/pages\/208\/revisions"}],"predecessor-version":[{"id":1269,"href":"https:\/\/www.toolkitnb.ca\/fr\/wp-json\/wp\/v2\/pages\/208\/revisions\/1269"}],"up":[{"embeddable":true,"href":"https:\/\/www.toolkitnb.ca\/fr\/wp-json\/wp\/v2\/pages\/8"}],"wp:attachment":[{"href":"https:\/\/www.toolkitnb.ca\/fr\/wp-json\/wp\/v2\/media?parent=208"}],"curies":[{"name":"wp","href":"https:\/\/api.w.org\/{rel}","templated":true}]}}