{"id":698,"date":"2020-01-29T01:30:14","date_gmt":"2020-01-29T01:30:14","guid":{"rendered":"http:\/\/www.toolkitnb.ca\/?page_id=698"},"modified":"2024-01-04T19:09:44","modified_gmt":"2024-01-04T19:09:44","slug":"helpful-links","status":"publish","type":"page","link":"http:\/\/www.toolkitnb.ca\/fr\/resources\/helpful-links\/","title":{"rendered":"Liens Utiles"},"content":{"rendered":"<div data-elementor-type=\"wp-page\" data-elementor-id=\"698\" class=\"elementor elementor-698\" data-elementor-post-type=\"page\">\n\t\t\t\t\t\t<section class=\"elementor-section elementor-top-section elementor-element elementor-element-8957d3d elementor-section-boxed elementor-section-height-default elementor-section-height-default\" data-id=\"8957d3d\" data-element_type=\"section\" data-e-type=\"section\">\n\t\t\t\t\t\t<div class=\"elementor-container elementor-column-gap-default\">\n\t\t\t\t\t<div class=\"elementor-column elementor-col-100 elementor-top-column elementor-element elementor-element-518e87c\" data-id=\"518e87c\" data-element_type=\"column\" data-e-type=\"column\">\n\t\t\t<div class=\"elementor-widget-wrap elementor-element-populated\">\n\t\t\t\t\t\t<div class=\"elementor-element elementor-element-9f481a8 elementor-widget elementor-widget-spacer\" data-id=\"9f481a8\" data-element_type=\"widget\" data-e-type=\"widget\" data-widget_type=\"spacer.default\">\n\t\t\t\t<div class=\"elementor-widget-container\">\n\t\t\t\t\t\t\t<div class=\"elementor-spacer\">\n\t\t\t<div class=\"elementor-spacer-inner\"><\/div>\n\t\t<\/div>\n\t\t\t\t\t\t<\/div>\n\t\t\t\t<\/div>\n\t\t\t\t\t<\/div>\n\t\t<\/div>\n\t\t\t\t\t<\/div>\n\t\t<\/section>\n\t\t\t\t<section class=\"elementor-section elementor-top-section elementor-element elementor-element-262a3ee0 elementor-section-boxed elementor-section-height-default elementor-section-height-default\" data-id=\"262a3ee0\" data-element_type=\"section\" data-e-type=\"section\">\n\t\t\t\t\t\t<div class=\"elementor-container elementor-column-gap-default\">\n\t\t\t\t\t<div data-dce-background-color=\"#FFFFFF\" class=\"elementor-column elementor-col-33 elementor-top-column elementor-element elementor-element-f75a2e1\" data-id=\"f75a2e1\" data-element_type=\"column\" data-e-type=\"column\" data-settings=\"{&quot;background_background&quot;:&quot;classic&quot;}\">\n\t\t\t<div class=\"elementor-widget-wrap elementor-element-populated\">\n\t\t\t\t\t\t<div data-dce-text-color=\"#000000\" class=\"elementor-element elementor-element-9503098 elementor-icon-list--layout-traditional elementor-list-item-link-full_width elementor-widget elementor-widget-global elementor-global-798 elementor-widget-icon-list\" data-id=\"9503098\" data-element_type=\"widget\" data-e-type=\"widget\" data-widget_type=\"icon-list.default\">\n\t\t\t\t<div class=\"elementor-widget-container\">\n\t\t\t\t\t\t\t<ul class=\"elementor-icon-list-items\">\n\t\t\t\t\t\t\t<li class=\"elementor-icon-list-item\">\n\t\t\t\t\t\t\t\t\t\t<span class=\"elementor-icon-list-text\">Liens rapides<\/span>\n\t\t\t\t\t\t\t\t\t<\/li>\n\t\t\t\t\t\t\t\t<li class=\"elementor-icon-list-item\">\n\t\t\t\t\t\t\t\t\t\t\t<a href=\"http:\/\/www.toolkitnb.ca\/fr\/helpful-links\/\">\n\n\t\t\t\t\t\t\t\t\t\t\t\t<span class=\"elementor-icon-list-icon\">\n\t\t\t\t\t\t\t<i aria-hidden=\"true\" class=\"fas fa-link\"><\/i>\t\t\t\t\t\t<\/span>\n\t\t\t\t\t\t\t\t\t\t<span class=\"elementor-icon-list-text\">Liens Utiles<\/span>\n\t\t\t\t\t\t\t\t\t\t\t<\/a>\n\t\t\t\t\t\t\t\t\t<\/li>\n\t\t\t\t\t\t\t\t<li class=\"elementor-icon-list-item\">\n\t\t\t\t\t\t\t\t\t\t\t<a href=\"http:\/\/www.toolkitnb.ca\/fr\/resources\/glossary\/\">\n\n\t\t\t\t\t\t\t\t\t\t\t\t<span class=\"elementor-icon-list-icon\">\n\t\t\t\t\t\t\t<i aria-hidden=\"true\" class=\"fas fa-book-open\"><\/i>\t\t\t\t\t\t<\/span>\n\t\t\t\t\t\t\t\t\t\t<span class=\"elementor-icon-list-text\">Glossaire<\/span>\n\t\t\t\t\t\t\t\t\t\t\t<\/a>\n\t\t\t\t\t\t\t\t\t<\/li>\n\t\t\t\t\t\t\t\t<li class=\"elementor-icon-list-item\">\n\t\t\t\t\t\t\t\t\t\t\t<a href=\"http:\/\/www.toolkitnb.ca\/fr\/frequently-asked-questions\/\">\n\n\t\t\t\t\t\t\t\t\t\t\t\t<span class=\"elementor-icon-list-icon\">\n\t\t\t\t\t\t\t<i aria-hidden=\"true\" class=\"fas fa-question-circle\"><\/i>\t\t\t\t\t\t<\/span>\n\t\t\t\t\t\t\t\t\t\t<span class=\"elementor-icon-list-text\">Foire aux questions<\/span>\n\t\t\t\t\t\t\t\t\t\t\t<\/a>\n\t\t\t\t\t\t\t\t\t<\/li>\n\t\t\t\t\t\t\t\t<li class=\"elementor-icon-list-item\">\n\t\t\t\t\t\t\t\t\t\t\t<a href=\"http:\/\/www.toolkitnb.ca\/fr\/videos\/\">\n\n\t\t\t\t\t\t\t\t\t\t\t\t<span class=\"elementor-icon-list-icon\">\n\t\t\t\t\t\t\t<i aria-hidden=\"true\" class=\"fas fa-video\"><\/i>\t\t\t\t\t\t<\/span>\n\t\t\t\t\t\t\t\t\t\t<span class=\"elementor-icon-list-text\">Les vid\u00e9os<\/span>\n\t\t\t\t\t\t\t\t\t\t\t<\/a>\n\t\t\t\t\t\t\t\t\t<\/li>\n\t\t\t\t\t\t\t\t<li class=\"elementor-icon-list-item\">\n\t\t\t\t\t\t\t\t\t\t\t<a href=\"http:\/\/www.toolkitnb.ca\/fr\/safety-plan\/\">\n\n\t\t\t\t\t\t\t\t\t\t\t\t<span class=\"elementor-icon-list-icon\">\n\t\t\t\t\t\t\t<i aria-hidden=\"true\" class=\"fas fa-list-alt\"><\/i>\t\t\t\t\t\t<\/span>\n\t\t\t\t\t\t\t\t\t\t<span class=\"elementor-icon-list-text\">Plan de s\u00e9curit\u00e9<\/span>\n\t\t\t\t\t\t\t\t\t\t\t<\/a>\n\t\t\t\t\t\t\t\t\t<\/li>\n\t\t\t\t\t\t<\/ul>\n\t\t\t\t\t\t<\/div>\n\t\t\t\t<\/div>\n\t\t\t\t\t<\/div>\n\t\t<\/div>\n\t\t\t\t<div class=\"elementor-column elementor-col-66 elementor-top-column elementor-element elementor-element-3318a50f\" data-id=\"3318a50f\" data-element_type=\"column\" data-e-type=\"column\">\n\t\t\t<div class=\"elementor-widget-wrap elementor-element-populated\">\n\t\t\t\t\t\t<div data-dce-title-color=\"#000000\" class=\"elementor-element elementor-element-92d1643 elementor-widget elementor-widget-heading\" data-id=\"92d1643\" data-element_type=\"widget\" data-e-type=\"widget\" data-widget_type=\"heading.default\">\n\t\t\t\t<div class=\"elementor-widget-container\">\n\t\t\t\t\t<h2 class=\"elementor-heading-title elementor-size-default\">LIENS UTILES<\/h2>\t\t\t\t<\/div>\n\t\t\t\t<\/div>\n\t\t\t\t<div data-dce-text-color=\"#000000\" class=\"elementor-element elementor-element-0bb0cb4 elementor-widget elementor-widget-text-editor\" data-id=\"0bb0cb4\" data-element_type=\"widget\" data-e-type=\"widget\" data-widget_type=\"text-editor.default\">\n\t\t\t\t<div class=\"elementor-widget-container\">\n\t\t\t\t\t\t\t\t\t<p class=\"p2\"><span class=\"s2\">Nouveau - Brunswick<\/span><\/p><ul class=\"ul1\"><li><strong><span class=\"s3\"><a href=\"https:\/\/www2.gnb.ca\/content\/gnb\/fr\/ministeres\/femmes\/Prevention_de_la_violence_et_partenariats_communautaires\/content\/Services-de-soutien-pour-les-victimes-de-violence.html\" target=\"_blank\" rel=\"noopener\"><span class=\"s4\">Services de soutien pour les victimes de violence<\/span><\/a><\/span><\/strong><\/li><li><a href=\"http:\/\/www.toolkitnb.ca\/wp-content\/uploads\/2024\/01\/Trousse-Employeurs-CPVK-FR.pdf\" target=\"_blank\" rel=\"noopener\">Votre employ\u00e9.e est victime de violence conjugale ou entre partenaire intime<\/a><\/li><li><a href=\"https:\/\/www.breaking-workplace-silence.ca\/\">Breaking Workplace Silence \u2013 Helping Restigouche Employers Understand and Manage the Impacts of Domestic Violence in the Workplace<\/a><\/li><li class=\"li3\"><span class=\"s3\"><a href=\"https:\/\/www2.gnb.ca\/content\/gnb\/fr\/nouvelles\/communique.2018.08.1168.html\" target=\"_blank\" rel=\"noopener\"><span class=\"s4\">Communiqu\u00e9 du Gouvernement du Nouveau-Brunswick: Les modifications r\u00e9glementaires concernant la violence et le harc\u00e8lement en milieu de travail entrent en vigueur le 1er avril 2019<\/span><\/a><\/span><\/li><li class=\"li3\"><span class=\"s3\"><a href=\"https:\/\/www2.gnb.ca\/content\/gnb\/fr\/ministeres\/securite-publique\/securite_communautaire\/content\/la_violence_entre_partenaires_intimes\/je_veux_comprendre\/mythes_et_realites.html\" target=\"_blank\" rel=\"noopener\"><span class=\"s4\">Violence entre partenaires intimes \u2013 Mythes et r\u00e9alit\u00e9s<\/span><\/a><\/span><\/li><li class=\"li3\"><span class=\"s3\"><a href=\"\/fr\/programmelemaillon.com\/fr\/introduction\/\" target=\"_blank\" rel=\"noopener\"><span class=\"s4\">Programme Le Maillon \u2013 Soutien pour des situations difficiles<\/span><\/a><\/span><\/li><li><a href=\"https:\/\/nbapc.org\/programs-and-services\/lofeo\/\" target=\"_blank\" rel=\"noopener\">Looking Out For Each Other<\/a><\/li><li class=\"li3\"><span class=\"s3\"><a href=\"https:\/\/www2.gnb.ca\/content\/gnb\/biling\/Violence.html\" target=\"_blank\" rel=\"noopener\"><span class=\"s4\">Campagne L\u2019Amour ne devrait pas blesser<\/span><\/a><\/span><\/li><li><a href=\"https:\/\/www.unb.ca\/mmfc\/\" target=\"_blank\" rel=\"noopener\">Centre Muriel McQueen Fergusson<\/a><\/li><li><a href=\"http:\/\/www.fergussonfoundation.ca\" target=\"_blank\" rel=\"noopener\">Fondation Fergusson<\/a><\/li><li><a href=\"https:\/\/www2.gnb.ca\/content\/gnb\/biling\/hrc-cdp.html\" target=\"_blank\" rel=\"noopener\">Commission des droits \nde la personne du \nNouveau-Brunswick<\/a><\/li><li class=\"li3\"><span class=\"s3\"><a href=\"http:\/\/www.legal-info-legale.nb.ca\/fr\/abuse_and_violence\" target=\"_blank\" rel=\"noopener\"><span class=\"s4\">Service public d'\u00e9ducation et d'information juridiques du Nouveau\u2011Brunswick<\/span><\/a><\/span><\/li><li><a href=\"http:\/\/sfr-rfs.ca\/fr\/teletravail-et-vc-vpi\/\" target=\"_blank\" rel=\"noopener\">Le t\u00e9l\u00e9travail et la VC\/VPI<\/a><\/li><li class=\"li3\"><span class=\"s3\"><a href=\"\/fr\/svnb.ca\/fr\/\" target=\"_blank\" rel=\"noopener\"><span class=\"s4\">Violence sexuelle Nouveau-Brunswick<\/span><\/a><\/span><\/li><li class=\"li3\"><span class=\"s3\"><a href=\"http:\/\/www.gnb.ca\/prventiondelaviolence\" target=\"_blank\" rel=\"noopener\"><span class=\"s4\">Direction de l\u2019\u00e9galit\u00e9 des femmes \u2013 Pr\u00e9vention de la violence<\/span><\/a><\/span><\/li><li class=\"li3\"><span class=\"s3\"><a href=\"https:\/\/www.travailsecuritairenb.ca\/media\/59781\/guide-de-violence-et-de-harc\u00e8lement.pdf\" target=\"_blank\" rel=\"noopener\"><span class=\"s4\">Travail s\u00e9curitaire NB: \u00c9laboration de codes de directives pratiques en mati\u00e8re de violence et de harc\u00e8lement en milieu de travail<\/span><\/a><\/span><br \/><ul class=\"ul1\"><li class=\"li3\"><span class=\"s5\">Mod\u00e8le: <a href=\"https:\/\/www.travailsecuritairenb.ca\/media\/59799\/code-de-directives-pratiques-violence.pdf\" target=\"_blank\" rel=\"noopener\"><span class=\"s7\">https:\/\/www.travailsecuritairenb.ca\/media\/59799\/code-de-directives-pratiques-violence.pdf<\/span><\/a> <\/span><\/li><\/ul><\/li><li class=\"li3\"><span class=\"s3\"><span class=\"s4\"><a href=\"https:\/\/guidesst.travailsecuritairenb.ca\/topic\/violence.html\" target=\"_blank\" rel=\"noopener\">Travail s\u00e9curitaire NB: Responsabilit\u00e9s de l\u2019employeur concernant la violence<\/a><\/span><\/span><\/li><\/ul><div>\u00a0<\/div><p class=\"p2\"><span class=\"s2\">Autres<\/span><\/p><ul class=\"ul1\"><li class=\"li3\"><span class=\"s3\"><a href=\"https:\/\/www.worksafebc.com\/en\/health-safety\/hazards-exposures\/violence\/domestic-violence\/resource-toolkit\" target=\"_blank\" rel=\"noopener\"><span class=\"s4\">WorkSafe BC\u00a0Ressource Toolkit (en anglais seulement mais plusieurs ressources sont aussi disponibles en fran\u00e7ais)<\/span><\/a><\/span><span class=\"s5\">\u00a0<\/span><\/li><li class=\"li3\"><span class=\"s3\"><a href=\"\/fr\/makeitourbusiness.ca\/\" target=\"_blank\" rel=\"noopener\"><span class=\"s4\">Make it our Business: Addressing Domestic Violence in the Workplace (Ontario \u2013 en anglais seulement)<\/span><\/a><\/span><\/li><li class=\"li3\"><span class=\"s3\"><a href=\"http:\/\/www.stopfamilyviolence.pe.ca\/index.php3?number=1017056&amp;lang=F\" target=\"_blank\" rel=\"noopener\"><span class=\"s4\">Comit\u00e9 d\u00b4action du premier ministre pour la pr\u00e9vention de la violence familiale (\u00cele-du-Prince-\u00c9douard)<\/span><\/a><\/span><br \/><ul class=\"ul1\"><li class=\"li3\"><span class=\"s6\"><a href=\"https:\/\/www.princeedwardisland.ca\/sites\/default\/files\/publications\/french_family_violence_policy_guide_mar17_web_version.pdf\" target=\"_blank\" rel=\"noopener\"><span class=\"s4\">Lignes directrices pour contrer la violence familiale et ses r\u00e9percussions sur le milieu de travail<\/span><\/a><\/span><\/li><\/ul><\/li><li class=\"li3\"><span class=\"s3\"><a href=\"https:\/\/www.gov.mb.ca\/msw\/fvpp\/toolkit\/index.fr.html\" target=\"_blank\" rel=\"noopener\"><span class=\"s4\">Violence familiale et milieu de travail : bo\u00eete \u00e0 outils de l\u2019employeur (Manitoba)<\/span><\/a><\/span><\/li><li class=\"li3\"><span class=\"s8\"><a href=\"https:\/\/www.cchst.ca\/oshanswers\/psychosocial\/violence_domestic.html\" target=\"_blank\" rel=\"noopener\"><span class=\"s9\">Centre canadien d'hygi\u00e8ne et de s\u00e9curit\u00e9 au travail \u2013 Violence conjugale<\/span><\/a><\/span><\/li><li><a href=\"https:\/\/sjwomenscentre.ca\/dvatworknl\/\">Domestic Violence@Work (Terre-Neuve \u2013 en anglais seulement)<\/a><\/li><li><a href=\"https:\/\/milieuxdetravailallies.com\/\" target=\"_blank\" rel=\"noopener\">Milieux de travail alli\u00e9s contre la violence conjugale (Qu\u00e9bec)<\/a><\/li><\/ul><div class=\"ms-editor-squiggler\" style=\"color: initial; font: initial; font-feature-settings: initial; font-kerning: initial; font-optical-sizing: initial; font-variation-settings: initial; forced-color-adjust: initial; text-orientation: initial; text-rendering: initial; -webkit-font-smoothing: initial; -webkit-locale: initial; -webkit-text-orientation: initial; -webkit-writing-mode: initial; writing-mode: initial; zoom: initial; place-content: initial; place-items: initial; place-self: initial; alignment-baseline: initial; animation: initial; appearance: initial; aspect-ratio: initial; backdrop-filter: initial; backface-visibility: initial; background: initial; background-blend-mode: initial; baseline-shift: initial; block-size: initial; border-block: initial; border: initial; border-radius: initial; border-collapse: initial; border-end-end-radius: initial; border-end-start-radius: initial; border-inline: initial; border-start-end-radius: initial; border-start-start-radius: initial; inset: initial; box-shadow: initial; box-sizing: initial; break-after: initial; break-before: initial; break-inside: initial; buffered-rendering: initial; caption-side: initial; caret-color: initial; clear: initial; clip: initial; clip-path: initial; clip-rule: initial; color-interpolation: initial; color-interpolation-filters: initial; color-rendering: initial; color-scheme: initial; columns: initial; column-fill: initial; gap: initial; column-rule: initial; column-span: initial; contain: initial; contain-intrinsic-size: initial; content: initial; content-visibility: initial; counter-increment: initial; counter-reset: initial; counter-set: initial; cursor: initial; cx: initial; cy: initial; d: initial; display: block; dominant-baseline: initial; empty-cells: initial; fill: initial; fill-opacity: initial; fill-rule: initial; filter: initial; flex: initial; flex-flow: initial; float: initial; flood-color: initial; flood-opacity: initial; grid: initial; grid-area: initial; height: 0px; hyphens: initial; image-orientation: initial; image-rendering: initial; inline-size: initial; inset-block: initial; inset-inline: initial; isolation: initial; letter-spacing: initial; lighting-color: initial; line-break: initial; list-style: initial; margin-block: initial; margin: initial; margin-inline: initial; marker: initial; mask: initial; mask-type: initial; max-block-size: initial; max-height: initial; max-inline-size: initial; max-width: initial; min-block-size: initial; min-height: initial; min-inline-size: initial; min-width: initial; mix-blend-mode: initial; object-fit: initial; object-position: initial; offset: initial; opacity: initial; order: initial; origin-trial-test-property: initial; orphans: initial; outline: initial; outline-offset: initial; overflow-anchor: initial; overflow-wrap: initial; overflow: initial; overscroll-behavior-block: initial; overscroll-behavior-inline: initial; overscroll-behavior: initial; padding-block: initial; padding: initial; padding-inline: initial; page: initial; page-orientation: initial; paint-order: initial; perspective: initial; perspective-origin: initial; pointer-events: initial; position: initial; quotes: initial; r: initial; resize: initial; ruby-position: initial; rx: initial; ry: initial; scroll-behavior: initial; scroll-margin-block: initial; scroll-margin: initial; scroll-margin-inline: initial; scroll-padding-block: initial; scroll-padding: initial; scroll-padding-inline: initial; scroll-snap-align: initial; scroll-snap-stop: initial; scroll-snap-type: initial; shape-image-threshold: initial; shape-margin: initial; shape-outside: initial; shape-rendering: initial; size: initial; speak: initial; stop-color: initial; stop-opacity: initial; stroke: initial; stroke-dasharray: initial; stroke-dashoffset: initial; stroke-linecap: initial; stroke-linejoin: initial; stroke-miterlimit: initial; stroke-opacity: initial; stroke-width: initial; tab-size: initial; table-layout: initial; text-align: initial; text-align-last: initial; text-anchor: initial; text-combine-upright: initial; text-decoration: initial; text-decoration-skip-ink: initial; text-indent: initial; text-overflow: initial; text-shadow: initial; text-size-adjust: initial; text-transform: initial; text-underline-offset: initial; text-underline-position: initial; touch-action: initial; transform: initial; transform-box: initial; transform-origin: initial; transform-style: initial; transition: initial; user-select: initial; vector-effect: initial; vertical-align: initial; visibility: initial; -webkit-app-region: initial; border-spacing: initial; -webkit-border-image: initial; -webkit-box-align: initial; -webkit-box-decoration-break: initial; -webkit-box-direction: initial; -webkit-box-flex: initial; -webkit-box-ordinal-group: initial; -webkit-box-orient: initial; -webkit-box-pack: initial; -webkit-box-reflect: initial; -webkit-highlight: initial; -webkit-hyphenate-character: initial; -webkit-line-break: initial; -webkit-line-clamp: initial; -webkit-mask-box-image: initial; -webkit-mask: initial; -webkit-mask-composite: initial; -webkit-perspective-origin-x: initial; -webkit-perspective-origin-y: initial; -webkit-print-color-adjust: initial; -webkit-rtl-ordering: initial; -webkit-ruby-position: initial; -webkit-tap-highlight-color: initial; -webkit-text-combine: initial; -webkit-text-decorations-in-effect: initial; -webkit-text-emphasis: initial; -webkit-text-emphasis-position: initial; -webkit-text-fill-color: initial; -webkit-text-security: initial; -webkit-text-stroke: initial; -webkit-transform-origin-x: initial; -webkit-transform-origin-y: initial; -webkit-transform-origin-z: initial; -webkit-user-drag: initial; -webkit-user-modify: initial; white-space: initial; widows: initial; width: initial; will-change: initial; word-break: initial; word-spacing: initial; x: initial; y: initial; z-index: initial;\">\u00a0<\/div>\t\t\t\t\t\t\t\t<\/div>\n\t\t\t\t<\/div>\n\t\t\t\t\t<\/div>\n\t\t<\/div>\n\t\t\t\t\t<\/div>\n\t\t<\/section>\n\t\t\t\t<\/div>","protected":false},"excerpt":{"rendered":"<p>Quick Links Helpful Links Glossary Frequently Asked Questions Videos Safety Plan HELPFUL LINKS New Brunswick Support Services for Victims of Abuse What to do if your employee is a victim of domestic or intimate partner violence Breaking Workplace Silence \u2013 Helping Restigouche Employers Understand and Manage the Impacts of Domestic Violence in the Workplace GNB [&hellip;]<\/p>\n","protected":false},"author":1,"featured_media":0,"parent":10,"menu_order":0,"comment_status":"closed","ping_status":"closed","template":"elementor_header_footer","meta":{"_seopress_robots_primary_cat":"","_seopress_titles_title":"","_seopress_titles_desc":"","_seopress_robots_index":"","nf_dc_page":"","_monsterinsights_skip_tracking":false,"_monsterinsights_sitenote_active":false,"_monsterinsights_sitenote_note":"","_monsterinsights_sitenote_category":0,"footnotes":""},"class_list":["post-698","page","type-page","status-publish","hentry"],"_links":{"self":[{"href":"http:\/\/www.toolkitnb.ca\/fr\/wp-json\/wp\/v2\/pages\/698","targetHints":{"allow":["GET"]}}],"collection":[{"href":"http:\/\/www.toolkitnb.ca\/fr\/wp-json\/wp\/v2\/pages"}],"about":[{"href":"http:\/\/www.toolkitnb.ca\/fr\/wp-json\/wp\/v2\/types\/page"}],"author":[{"embeddable":true,"href":"http:\/\/www.toolkitnb.ca\/fr\/wp-json\/wp\/v2\/users\/1"}],"replies":[{"embeddable":true,"href":"http:\/\/www.toolkitnb.ca\/fr\/wp-json\/wp\/v2\/comments?post=698"}],"version-history":[{"count":5,"href":"http:\/\/www.toolkitnb.ca\/fr\/wp-json\/wp\/v2\/pages\/698\/revisions"}],"predecessor-version":[{"id":2737,"href":"http:\/\/www.toolkitnb.ca\/fr\/wp-json\/wp\/v2\/pages\/698\/revisions\/2737"}],"up":[{"embeddable":true,"href":"http:\/\/www.toolkitnb.ca\/fr\/wp-json\/wp\/v2\/pages\/10"}],"wp:attachment":[{"href":"http:\/\/www.toolkitnb.ca\/fr\/wp-json\/wp\/v2\/media?parent=698"}],"curies":[{"name":"wp","href":"https:\/\/api.w.org\/{rel}","templated":true}]}}